{"id":2,"date":"2019-03-20T13:36:31","date_gmt":"2019-03-20T10:36:31","guid":{"rendered":"http:\/\/aslidokuma.com\/?page_id=2"},"modified":"2021-02-01T18:21:56","modified_gmt":"2021-02-01T15:21:56","slug":"ana-sayfa","status":"publish","type":"page","link":"https:\/\/aslidokuma.com\/en\/","title":{"rendered":"Ana Sayfa"},"content":{"rendered":"<p><div class=\"fusion-fullwidth fullwidth-box nonhundred-percent-fullwidth non-hundred-percent-height-scrolling\"  style='background-color: #3d3c3c;background-position: center center;background-repeat: no-repeat;padding-top:0px;padding-right:0px;padding-bottom:0px;padding-left:0px;'><div class=\"fusion-builder-row fusion-row \"><div  class=\"fusion-layout-column fusion_builder_column fusion_builder_column_1_1  fusion-one-full fusion-column-first fusion-column-last fusion-column-no-min-height 1_1\"  style='margin-top:0px;margin-bottom:0px;'>\n\t\t\t\t\t<div class=\"fusion-column-wrapper\" style=\"padding: 0px 0px 0px 0px;background-position:left top;background-repeat:no-repeat;-webkit-background-size:cover;-moz-background-size:cover;-o-background-size:cover;background-size:cover;\"   data-bg-url=\"\">\n\t\t\t\t\t\t<div class=\"fusion-text\"><h1 style=\"text-align: center; font-size: 30px !important; color: #fff !important;\">\u00dcr\u00fcnlerimiz<\/h1>\n<p style=\"text-align: center; margin-top: -10px; font-size: 17px !important; line-height: 24px !important; color: #b1b1b1 !important;\">Moda K\u00fc\u00e7\u00fck Ayr\u0131nt\u0131larda Gizlidir<\/p>\n<\/div><div class=\"fusion-clearfix\"><\/div>\n\n\t\t\t\t\t<\/div>\n\t\t\t\t<\/div><\/div><\/div><div class=\"fusion-fullwidth fullwidth-box hundred-percent-fullwidth non-hundred-percent-height-scrolling\"  style='background-color: rgba(255,255,255,0);background-position: center center;background-repeat: no-repeat;padding-top:0px;padding-right:0px;padding-bottom:0px;padding-left:0px;'><div class=\"fusion-builder-row fusion-row \"><div  class=\"fusion-layout-column fusion_builder_column fusion_builder_column_1_1  fusion-one-full fusion-column-first fusion-column-last fusion-column-no-min-height 1_1\"  style='margin-top:0px;margin-bottom:0px;'>\n\t\t\t\t\t<div class=\"fusion-column-wrapper\" style=\"padding: 0px 0px 0px 0px;background-position:left top;background-repeat:no-repeat;-webkit-background-size:cover;-moz-background-size:cover;-o-background-size:cover;background-size:cover;\"   data-bg-url=\"\">\n\t\t\t\t\t\t<div class=\"fusion-section-separator section-separator\" style=\"border-bottom:1px solid #3d3c3c;margin-left:-0px;margin-right:-0px;\"><div class=\"divider-candy-arrow bottom\" style=\"top:0px;border-top-color: #3d3c3c;\"><\/div><div class=\"divider-candy bottom\" style=\"bottom:-21px;border-bottom:1px solid #3d3c3c;border-left:1px solid #3d3c3c;\"><\/div><\/div><div class=\"fusion-clearfix\"><\/div>\n\n\t\t\t\t\t<\/div>\n\t\t\t\t<\/div><\/div><\/div><div class=\"fusion-fullwidth fullwidth-box hundred-percent-fullwidth non-hundred-percent-height-scrolling fusion-equal-height-columns\"  style='background-color: rgba(255,255,255,0);background-position: center center;background-repeat: no-repeat;padding-top:60px;padding-right:11.25%;padding-bottom:120px;padding-left:11.25%;'><div class=\"fusion-builder-row fusion-row \"><div  class=\"fusion-layout-column fusion_builder_column fusion_builder_column_1_3  fusion-one-third fusion-column-first fusion-blend-mode fusion-column-inner-bg-wrapper 1_3\"  style='margin-top:0px;margin-bottom:%3;width:30.6666%; margin-right: 4%;'>\n\t\t\t\t\t<div class=\"fusion-column-wrapper\" style=\"padding: 0px 0px 0px 0px;\" data-bg-url=\"\">\n\t\t\t\t\t\t<div class=\"imageframe-align-center\"><span style=\"border:1px solid #f6f6f6;max-width:350px;\" class=\"fusion-imageframe imageframe-none imageframe-1 hover-type-zoomin\"><a class=\"fusion-no-lightbox\" href=\"http:\/\/aslidokuma.com\/portfolio-items\/drape-yarim-selale-dar-bant\/\" target=\"_self\" aria-label=\"drape2020-7\"><img loading=\"lazy\" src=\"http:\/\/aslidokuma.com\/wp-content\/uploads\/2021\/01\/drape2020-7-300x227.jpg\" width=\"300\" height=\"227\" alt=\"\" class=\"img-responsive wp-image-526\" srcset=\"https:\/\/aslidokuma.com\/wp-content\/uploads\/2021\/01\/drape2020-7-200x151.jpg 200w, https:\/\/aslidokuma.com\/wp-content\/uploads\/2021\/01\/drape2020-7-400x302.jpg 400w, https:\/\/aslidokuma.com\/wp-content\/uploads\/2021\/01\/drape2020-7-600x453.jpg 600w, https:\/\/aslidokuma.com\/wp-content\/uploads\/2021\/01\/drape2020-7-800x604.jpg 800w, https:\/\/aslidokuma.com\/wp-content\/uploads\/2021\/01\/drape2020-7-1200x907.jpg 1200w, https:\/\/aslidokuma.com\/wp-content\/uploads\/2021\/01\/drape2020-7-scaled.jpg 2560w\" sizes=\"(max-width: 800px) 100vw, 300px\" \/><\/a><\/span><\/div><div class=\"fusion-text\"><h2 style=\"text-align: center; margin: 5% 0% 2.75% 0%;\">Drape<\/h2>\n<\/div><div class=\"fusion-sep-clear\"><\/div><div class=\"fusion-separator fusion-full-width-sep sep-none\" style=\"margin-left: auto;margin-right: auto;margin-top:;\"><\/div><div class=\"fusion-clearfix\"><\/div>\n\t\t\t\t\t<\/div>\n\t\t\t\t\t<span class=\"fusion-column-inner-bg hover-type-none\">\n\t\t\t\t\t\t<a href=\"\/product_category\/drape\/\" aria-label=\"\">\n\t\t\t\t\t\t\t<span class=\"fusion-column-inner-bg-image\"  style=\"background-color:#ffffff;background-position:left top;background-repeat:no-repeat;-webkit-background-size:cover;-moz-background-size:cover;-o-background-size:cover;background-size:cover;\"><\/span><\/a>\n\t\t\t\t\t<\/span>\n\t\t\t\t<\/div><div  class=\"fusion-layout-column fusion_builder_column fusion_builder_column_1_3  fusion-one-third fusion-blend-mode fusion-column-inner-bg-wrapper 1_3\"  style='margin-top:0px;margin-bottom:%3;width:30.6666%; margin-right: 4%;'>\n\t\t\t\t\t<div class=\"fusion-column-wrapper\" style=\"padding: 0px 0px 0px 0px;\" data-bg-url=\"\">\n\t\t\t\t\t\t<div class=\"imageframe-align-center\"><span style=\"border:1px solid #f6f6f6;max-width:350px;\" class=\"fusion-imageframe imageframe-none imageframe-2 hover-type-zoomin\"><a class=\"fusion-no-lightbox\" href=\"http:\/\/aslidokuma.com\/portfolio-items\/drape-yarim-selale-dar-bant\/\" target=\"_self\" aria-label=\"duzperde-1\"><img loading=\"lazy\" src=\"http:\/\/aslidokuma.com\/wp-content\/uploads\/2019\/03\/duzperde-1-300x176.jpg\" width=\"300\" height=\"176\" alt=\"\" class=\"img-responsive wp-image-323\" srcset=\"https:\/\/aslidokuma.com\/wp-content\/uploads\/2019\/03\/duzperde-1-200x117.jpg 200w, https:\/\/aslidokuma.com\/wp-content\/uploads\/2019\/03\/duzperde-1-400x235.jpg 400w, https:\/\/aslidokuma.com\/wp-content\/uploads\/2019\/03\/duzperde-1-600x352.jpg 600w, https:\/\/aslidokuma.com\/wp-content\/uploads\/2019\/03\/duzperde-1-800x470.jpg 800w, https:\/\/aslidokuma.com\/wp-content\/uploads\/2019\/03\/duzperde-1-1200x705.jpg 1200w, https:\/\/aslidokuma.com\/wp-content\/uploads\/2019\/03\/duzperde-1.jpg 1938w\" sizes=\"(max-width: 800px) 100vw, 400px\" \/><\/a><\/span><\/div><div class=\"fusion-text\"><h2 style=\"text-align: center; margin: 5% 0% 2.75% 0%;\">D\u00fcz Perde<\/h2>\n<\/div><div class=\"fusion-sep-clear\"><\/div><div class=\"fusion-separator fusion-full-width-sep sep-none\" style=\"margin-left: auto;margin-right: auto;margin-top:;\"><\/div><div class=\"fusion-clearfix\"><\/div>\n\t\t\t\t\t<\/div>\n\t\t\t\t\t<span class=\"fusion-column-inner-bg hover-type-none\">\n\t\t\t\t\t\t<a href=\"\/product_category\/duz-perde\/\" aria-label=\"\">\n\t\t\t\t\t\t\t<span class=\"fusion-column-inner-bg-image\"  style=\"background-color:#ffffff;background-position:left top;background-repeat:no-repeat;-webkit-background-size:cover;-moz-background-size:cover;-o-background-size:cover;background-size:cover;\"><\/span><\/a>\n\t\t\t\t\t<\/span>\n\t\t\t\t<\/div><div  class=\"fusion-layout-column fusion_builder_column fusion_builder_column_1_3  fusion-one-third fusion-column-last fusion-blend-mode fusion-column-inner-bg-wrapper 1_3\"  style='margin-top:0px;margin-bottom:%3;width:30.6666%'>\n\t\t\t\t\t<div class=\"fusion-column-wrapper\" style=\"padding: 0px 0px 0px 0px;\" data-bg-url=\"\">\n\t\t\t\t\t\t<div class=\"imageframe-align-center\"><span style=\"border:1px solid #f6f6f6;max-width:350px;\" class=\"fusion-imageframe imageframe-none imageframe-3 hover-type-zoomin\"><a class=\"fusion-no-lightbox\" href=\"http:\/\/aslidokuma.com\/portfolio-items\/drape-yarim-selale-dar-bant\/\" target=\"_self\" aria-label=\"slide7\"><img loading=\"lazy\" src=\"http:\/\/aslidokuma.com\/wp-content\/uploads\/2019\/03\/slide7-300x186.jpg\" width=\"300\" height=\"186\" alt=\"\" class=\"img-responsive wp-image-59\" srcset=\"https:\/\/aslidokuma.com\/wp-content\/uploads\/2019\/03\/slide7-200x124.jpg 200w, https:\/\/aslidokuma.com\/wp-content\/uploads\/2019\/03\/slide7-400x248.jpg 400w, https:\/\/aslidokuma.com\/wp-content\/uploads\/2019\/03\/slide7-600x371.jpg 600w, https:\/\/aslidokuma.com\/wp-content\/uploads\/2019\/03\/slide7-800x495.jpg 800w, https:\/\/aslidokuma.com\/wp-content\/uploads\/2019\/03\/slide7-1200x743.jpg 1200w, https:\/\/aslidokuma.com\/wp-content\/uploads\/2019\/03\/slide7.jpg 2240w\" sizes=\"(max-width: 800px) 100vw, 400px\" \/><\/a><\/span><\/div><div class=\"fusion-text\"><h2 style=\"text-align: center; margin: 5% 0% 2.75% 0%;\">Farbela<\/h2>\n<\/div><div class=\"fusion-sep-clear\"><\/div><div class=\"fusion-separator fusion-full-width-sep sep-none\" style=\"margin-left: auto;margin-right: auto;margin-top:;\"><\/div><div class=\"fusion-clearfix\"><\/div>\n\t\t\t\t\t<\/div>\n\t\t\t\t\t<span class=\"fusion-column-inner-bg hover-type-none\">\n\t\t\t\t\t\t<a href=\"\/product_category\/farbela\/\" aria-label=\"\">\n\t\t\t\t\t\t\t<span class=\"fusion-column-inner-bg-image\"  style=\"background-color:#ffffff;background-position:left top;background-repeat:no-repeat;-webkit-background-size:cover;-moz-background-size:cover;-o-background-size:cover;background-size:cover;\"><\/span><\/a>\n\t\t\t\t\t<\/span>\n\t\t\t\t<\/div><div  class=\"fusion-layout-column fusion_builder_column fusion_builder_column_1_3  fusion-one-third fusion-column-first fusion-blend-mode fusion-column-inner-bg-wrapper 1_3\"  style='margin-top:0px;margin-bottom:%3;width:30.6666%; margin-right: 4%;'>\n\t\t\t\t\t<div class=\"fusion-column-wrapper\" style=\"padding: 0px 0px 0px 0px;\" data-bg-url=\"\">\n\t\t\t\t\t\t<div class=\"imageframe-align-center\"><span style=\"border:1px solid #f6f6f6;max-width:350px;\" class=\"fusion-imageframe imageframe-none imageframe-4 hover-type-zoomin\"><a class=\"fusion-no-lightbox\" href=\"http:\/\/aslidokuma.com\/portfolio-items\/drape-yarim-selale-dar-bant\/\" target=\"_self\" aria-label=\"kruvaze\"><img loading=\"lazy\" src=\"http:\/\/aslidokuma.com\/wp-content\/uploads\/2019\/04\/kruvaze-300x192.jpeg\" width=\"300\" height=\"192\" alt=\"\" class=\"img-responsive wp-image-518\" srcset=\"https:\/\/aslidokuma.com\/wp-content\/uploads\/2019\/04\/kruvaze-200x128.jpeg 200w, https:\/\/aslidokuma.com\/wp-content\/uploads\/2019\/04\/kruvaze-400x256.jpeg 400w, https:\/\/aslidokuma.com\/wp-content\/uploads\/2019\/04\/kruvaze-600x384.jpeg 600w, https:\/\/aslidokuma.com\/wp-content\/uploads\/2019\/04\/kruvaze-800x512.jpeg 800w, https:\/\/aslidokuma.com\/wp-content\/uploads\/2019\/04\/kruvaze-1200x768.jpeg 1200w, https:\/\/aslidokuma.com\/wp-content\/uploads\/2019\/04\/kruvaze.jpeg 1417w\" sizes=\"(max-width: 800px) 100vw, 400px\" \/><\/a><\/span><\/div><div class=\"fusion-text\"><h2 style=\"text-align: center; margin: 5% 0% 2.75% 0%;\">Kruvaze<\/h2>\n<\/div><div class=\"fusion-sep-clear\"><\/div><div class=\"fusion-separator fusion-full-width-sep sep-none\" style=\"margin-left: auto;margin-right: auto;margin-top:;\"><\/div><div class=\"fusion-clearfix\"><\/div>\n\t\t\t\t\t<\/div>\n\t\t\t\t\t<span class=\"fusion-column-inner-bg hover-type-none\">\n\t\t\t\t\t\t<a href=\"\/product_category\/kruvaze\/\" aria-label=\"\">\n\t\t\t\t\t\t\t<span class=\"fusion-column-inner-bg-image\"  style=\"background-color:#ffffff;background-position:left top;background-repeat:no-repeat;-webkit-background-size:cover;-moz-background-size:cover;-o-background-size:cover;background-size:cover;\"><\/span><\/a>\n\t\t\t\t\t<\/span>\n\t\t\t\t<\/div><div  class=\"fusion-layout-column fusion_builder_column fusion_builder_column_1_3  fusion-one-third fusion-blend-mode fusion-column-inner-bg-wrapper 1_3\"  style='margin-top:0px;margin-bottom:%3;width:30.6666%; margin-right: 4%;'>\n\t\t\t\t\t<div class=\"fusion-column-wrapper\" style=\"padding: 0px 0px 0px 0px;\" data-bg-url=\"\">\n\t\t\t\t\t\t<div class=\"imageframe-align-center\"><span style=\"border:1px solid #f6f6f6;max-width:350px;\" class=\"fusion-imageframe imageframe-none imageframe-5 hover-type-zoomin\"><a class=\"fusion-no-lightbox\" href=\"http:\/\/aslidokuma.com\/portfolio-items\/drape-yarim-selale-dar-bant\/\" target=\"_self\" aria-label=\"kartela\"><img loading=\"lazy\" src=\"http:\/\/aslidokuma.com\/wp-content\/uploads\/2019\/04\/kartela.png\" width=\"\" height=\"\" alt=\"\" class=\"img-responsive wp-image-520\" srcset=\"https:\/\/aslidokuma.com\/wp-content\/uploads\/2019\/04\/kartela-200x125.png 200w, https:\/\/aslidokuma.com\/wp-content\/uploads\/2019\/04\/kartela.png 299w\" sizes=\"(max-width: 800px) 100vw, 299px\" \/><\/a><\/span><\/div><div class=\"fusion-text\"><h2 style=\"text-align: center; margin: 5% 0% 2.75% 0%;\">Kartelam\u0131z<\/h2>\n<\/div><div class=\"fusion-sep-clear\"><\/div><div class=\"fusion-separator fusion-full-width-sep sep-none\" style=\"margin-left: auto;margin-right: auto;margin-top:;\"><\/div><div class=\"fusion-clearfix\"><\/div>\n\t\t\t\t\t<\/div>\n\t\t\t\t\t<span class=\"fusion-column-inner-bg hover-type-none\">\n\t\t\t\t\t\t<a href=\"\/kartelamiz\" aria-label=\"\">\n\t\t\t\t\t\t\t<span class=\"fusion-column-inner-bg-image\"  style=\"background-color:#ffffff;background-position:left top;background-repeat:no-repeat;-webkit-background-size:cover;-moz-background-size:cover;-o-background-size:cover;background-size:cover;\"><\/span><\/a>\n\t\t\t\t\t<\/span>\n\t\t\t\t<\/div><\/div><\/div><div class=\"fusion-fullwidth fullwidth-box nonhundred-percent-fullwidth non-hundred-percent-height-scrolling\"  style='background-color: #a0ce4e;background-position: left top;background-repeat: no-repeat;padding-top:35px;padding-right:0px;padding-bottom:10px;padding-left:0px;border-top-width:0px;border-bottom-width:0px;border-color:#e5e4e4;border-top-style:solid;border-bottom-style:solid;'><div class=\"fusion-builder-row fusion-row \"><div  class=\"fusion-layout-column fusion_builder_column fusion_builder_column_1_3  fusion-one-third fusion-column-first 1_3\"  style='margin-top:0px;margin-bottom:20px;width:30.6666%; margin-right: 4%;'>\n\t\t\t\t\t<div class=\"fusion-column-wrapper\" style=\"padding: 0px 0px 0px 0px;background-position:left top;background-repeat:no-repeat;-webkit-background-size:cover;-moz-background-size:cover;-o-background-size:cover;background-size:cover;\"   data-bg-url=\"\">\n\t\t\t\t\t\t<div class=\"fusion-sep-clear\"><\/div><div class=\"fusion-separator fusion-full-width-sep sep-single sep-solid\" style=\"border-color:#c3e28c;border-top-width:1px;margin-left: auto;margin-right: auto;margin-top:25px;margin-bottom:25px;\"><\/div><div class=\"fusion-clearfix\"><\/div>\n\n\t\t\t\t\t<\/div>\n\t\t\t\t<\/div><div  class=\"fusion-layout-column fusion_builder_column fusion_builder_column_1_3  fusion-one-third 1_3\"  style='margin-top:0px;margin-bottom:20px;width:30.6666%; margin-right: 4%;'>\n\t\t\t\t\t<div class=\"fusion-column-wrapper\" style=\"padding: 0px 0px 0px 0px;background-position:left top;background-repeat:no-repeat;-webkit-background-size:cover;-moz-background-size:cover;-o-background-size:cover;background-size:cover;\"   data-bg-url=\"\">\n\t\t\t\t\t\t<div class=\"fusion-button-wrapper fusion-aligncenter\"><style type=\"text\/css\" scoped=\"scoped\">.fusion-button.button-1 .fusion-button-text, .fusion-button.button-1 i {color:rgba(255,255,255,.8);}.fusion-button.button-1 {border-width:2px;border-color:rgba(255,255,255,.8);}.fusion-button.button-1 .fusion-button-icon-divider{border-color:rgba(255,255,255,.8);}.fusion-button.button-1.button-3d{-webkit-box-shadow: inset 0px 1px 0px #fff,0px 5px 0px #54770f,1px 7px 7px 3px rgba(0,0,0,0.3);-moz-box-shadow: inset 0px 1px 0px #fff,0px 5px 0px #54770f,1px 7px 7px 3px rgba(0,0,0,0.3);box-shadow: inset 0px 1px 0px #fff,0px 5px 0px #54770f,1px 7px 7px 3px rgba(0,0,0,0.3);}.button-1.button-3d:active{-webkit-box-shadow: inset 0px 1px 0px #fff,0px 5px 0px #54770f,1px 7px 7px 3px rgba(0,0,0,0.3);-moz-box-shadow: inset 0px 1px 0px #fff,0px 5px 0px #54770f,1px 7px 7px 3px rgba(0,0,0,0.3);box-shadow: inset 0px 1px 0px #fff,0px 5px 0px #54770f,1px 7px 7px 3px rgba(0,0,0,0.3);}.fusion-button.button-1:hover .fusion-button-text, .fusion-button.button-1:hover i,.fusion-button.button-1:focus .fusion-button-text, .fusion-button.button-1:focus i,.fusion-button.button-1:active .fusion-button-text, .fusion-button.button-1:active{color:rgba(255,255,255,.9);}.fusion-button.button-1:hover, .fusion-button.button-1:focus, .fusion-button.button-1:active{border-width:2px;border-color:rgba(255,255,255,.9);}.fusion-button.button-1:hover .fusion-button-icon-divider, .fusion-button.button-1:hover .fusion-button-icon-divider, .fusion-button.button-1:active .fusion-button-icon-divider{border-color:rgba(255,255,255,.9);}.fusion-button.button-1{background: rgba(255,255,255,0);}.fusion-button.button-1:hover,.button-1:focus,.fusion-button.button-1:active{background: rgba(255, 255, 255, 0.09);}.fusion-button.button-1{width:auto;}<\/style><a class=\"fusion-button button-3d fusion-button-round button-xlarge button-custom button-1 fusion-animated\" data-animationType=\"bounce\" data-animationDuration=\"1.0\" data-animationOffset=\"100%\" target=\"_blank\" rel=\"noopener noreferrer\" href=\"\/aslidokuma2019.pdf\"><span class=\"fusion-button-text\"> 2021 Katalo\u011funa Buradan Ula\u015fabilirsiniz<\/span><\/a><\/div><div class=\"fusion-clearfix\"><\/div>\n\n\t\t\t\t\t<\/div>\n\t\t\t\t<\/div><div  class=\"fusion-layout-column fusion_builder_column fusion_builder_column_1_3  fusion-one-third fusion-column-last 1_3\"  style='margin-top:0px;margin-bottom:20px;width:30.6666%'>\n\t\t\t\t\t<div class=\"fusion-column-wrapper\" style=\"padding: 0px 0px 0px 0px;background-position:left top;background-repeat:no-repeat;-webkit-background-size:cover;-moz-background-size:cover;-o-background-size:cover;background-size:cover;\"   data-bg-url=\"\">\n\t\t\t\t\t\t<div class=\"fusion-sep-clear\"><\/div><div class=\"fusion-separator fusion-full-width-sep sep-single sep-solid\" style=\"border-color:#c3e28c;border-top-width:1px;margin-left: auto;margin-right: auto;margin-top:25px;margin-bottom:25px;\"><\/div><div class=\"fusion-clearfix\"><\/div>\n\n\t\t\t\t\t<\/div>\n\t\t\t\t<\/div><\/div><\/div><\/p>\n","protected":false},"excerpt":{"rendered":"","protected":false},"author":1,"featured_media":0,"parent":0,"menu_order":0,"comment_status":"closed","ping_status":"closed","template":"100-width.php","meta":[],"_links":{"self":[{"href":"https:\/\/aslidokuma.com\/en\/wp-json\/wp\/v2\/pages\/2"}],"collection":[{"href":"https:\/\/aslidokuma.com\/en\/wp-json\/wp\/v2\/pages"}],"about":[{"href":"https:\/\/aslidokuma.com\/en\/wp-json\/wp\/v2\/types\/page"}],"author":[{"embeddable":true,"href":"https:\/\/aslidokuma.com\/en\/wp-json\/wp\/v2\/users\/1"}],"replies":[{"embeddable":true,"href":"https:\/\/aslidokuma.com\/en\/wp-json\/wp\/v2\/comments?post=2"}],"version-history":[{"count":63,"href":"https:\/\/aslidokuma.com\/en\/wp-json\/wp\/v2\/pages\/2\/revisions"}],"predecessor-version":[{"id":584,"href":"https:\/\/aslidokuma.com\/en\/wp-json\/wp\/v2\/pages\/2\/revisions\/584"}],"wp:attachment":[{"href":"https:\/\/aslidokuma.com\/en\/wp-json\/wp\/v2\/media?parent=2"}],"curies":[{"name":"wp","href":"https:\/\/api.w.org\/{rel}","templated":true}]}}